{"id":361,"date":"2025-03-21T08:02:33","date_gmt":"2025-03-21T07:02:33","guid":{"rendered":"https:\/\/meanskill.com\/trainings\/"},"modified":"2025-07-31T10:08:57","modified_gmt":"2025-07-31T08:08:57","slug":"trainings","status":"publish","type":"page","link":"https:\/\/meanskill.com\/en\/trainings\/","title":{"rendered":"Trainings"},"content":{"rendered":"\n<h2 class=\"wp-block-heading has-text-align-center\">Our core purpose is to support lasting, positive behavioural change \u2014 working both with groups and individuals.<\/h2>\n\n<div style=\"height:90px\" aria-hidden=\"true\" class=\"wp-block-spacer\"><\/div>\n\n<div class=\"wp-block-media-text is-stacked-on-mobile is-image-fill-element\" style=\"grid-template-columns:30% auto\"><figure class=\"wp-block-media-text__media\"><img loading=\"lazy\" decoding=\"async\" width=\"1024\" height=\"754\" src=\"https:\/\/meanskill.com\/wp-content\/uploads\/2025\/05\/tmb-treningi-1-1024x754.webp\" alt=\"Management\" class=\"wp-image-247 size-full\" style=\"object-position:50% 50%\" srcset=\"https:\/\/meanskill.com\/wp-content\/uploads\/2025\/05\/tmb-treningi-1-1024x754.webp 1024w, https:\/\/meanskill.com\/wp-content\/uploads\/2025\/05\/tmb-treningi-1-300x221.webp 300w, https:\/\/meanskill.com\/wp-content\/uploads\/2025\/05\/tmb-treningi-1-768x566.webp 768w, https:\/\/meanskill.com\/wp-content\/uploads\/2025\/05\/tmb-treningi-1.webp 1086w\" sizes=\"auto, (max-width: 1024px) 100vw, 1024px\" \/><\/figure><div class=\"wp-block-media-text__content\">\n<h2 class=\"wp-block-heading\">Leadership and Management<\/h2>\n\n\n\n<blockquote class=\"wp-block-quote is-layout-flow wp-block-quote-is-layout-flow\">\n<blockquote class=\"wp-block-quote is-layout-flow wp-block-quote-is-layout-flow\">\n<p>\u201eManagement is doing things right. Leadership is doing the right things.\u201d <\/p>\n<cite>Peter F. Drucker<\/cite><\/blockquote>\n<\/blockquote>\n\n\n\n<p>The best results come when leadership and management work in harmony at all levels of the organisation.<\/p>\n\n\n\n<p>Our programmes are designed for:<\/p>\n\n\n\n<ul class=\"wp-block-list\">\n<li>Top management operating in dynamic business environments, aiming to build organisational culture and practise engaging leadership.<\/li>\n\n\n\n<li>Middle managers who want to enhance and broaden their managerial and leadership competencies.<\/li>\n\n\n\n<li>New team leaders looking to acquire the fundamental skills needed to manage people effectively.<\/li>\n<\/ul>\n<\/div><\/div>\n\n<div class=\"wp-block-media-text is-stacked-on-mobile is-image-fill-element\" style=\"grid-template-columns:30% auto\"><figure class=\"wp-block-media-text__media\"><img loading=\"lazy\" decoding=\"async\" width=\"1024\" height=\"754\" src=\"https:\/\/meanskill.com\/wp-content\/uploads\/2025\/05\/tmb-treningi-2-1024x754.webp\" alt=\"Change\" class=\"wp-image-248 size-full\" style=\"object-position:50% 50%\" srcset=\"https:\/\/meanskill.com\/wp-content\/uploads\/2025\/05\/tmb-treningi-2-1024x754.webp 1024w, https:\/\/meanskill.com\/wp-content\/uploads\/2025\/05\/tmb-treningi-2-300x221.webp 300w, https:\/\/meanskill.com\/wp-content\/uploads\/2025\/05\/tmb-treningi-2-768x566.webp 768w, https:\/\/meanskill.com\/wp-content\/uploads\/2025\/05\/tmb-treningi-2.webp 1086w\" sizes=\"auto, (max-width: 1024px) 100vw, 1024px\" \/><\/figure><div class=\"wp-block-media-text__content\">\n<h2 class=\"wp-block-heading\"><br\/>Change and Transformation<\/h2>\n\n\n\n<blockquote class=\"wp-block-quote is-layout-flow wp-block-quote-is-layout-flow\">\n<p>\u201eWe cannot direct the wind, but we can adjust the sails.\u201d<\/p>\n<cite>Arystoteles Onassis<\/cite><\/blockquote>\n\n\n\n<p>The challenge of change lies in the fact that people naturally resist accepting and adapting to the new. More than 60% of the success of any change initiative depends on the human factor. <\/p>\n\n\n\n<p>Our programmes focus on fostering collaboration among participants involved in the process, encouraging positive engagement, creating conditions for sustainable behavioural change.<\/p>\n<\/div><\/div>\n\n<div class=\"wp-block-media-text is-stacked-on-mobile is-image-fill-element\" style=\"grid-template-columns:30% auto\"><figure class=\"wp-block-media-text__media\"><img loading=\"lazy\" decoding=\"async\" width=\"1024\" height=\"754\" src=\"https:\/\/meanskill.com\/wp-content\/uploads\/2025\/05\/tmb-treningi-4-1024x754.webp\" alt=\"Communication\" class=\"wp-image-250 size-full\" style=\"object-position:50% 50%\" srcset=\"https:\/\/meanskill.com\/wp-content\/uploads\/2025\/05\/tmb-treningi-4-1024x754.webp 1024w, https:\/\/meanskill.com\/wp-content\/uploads\/2025\/05\/tmb-treningi-4-300x221.webp 300w, https:\/\/meanskill.com\/wp-content\/uploads\/2025\/05\/tmb-treningi-4-768x566.webp 768w, https:\/\/meanskill.com\/wp-content\/uploads\/2025\/05\/tmb-treningi-4.webp 1086w\" sizes=\"auto, (max-width: 1024px) 100vw, 1024px\" \/><\/figure><div class=\"wp-block-media-text__content\">\n<h2 class=\"wp-block-heading\">Building Organisational Culture and Collaboration<\/h2>\n\n\n\n<blockquote class=\"wp-block-quote is-layout-flow wp-block-quote-is-layout-flow\">\n<p>\u201eCulture isn\u2019t built in a day \u2013 it\u2019s a daily choice that shapes an organisation\u2019s identity.\u201d<\/p>\n<cite>Author unknown<\/cite><\/blockquote>\n\n\n\n<p>Achieving goals \u2014 from the very beginning \u2014 requires team consensus, cooperation and effective communication.<\/p>\n\n\n\n<p>In our programmes, we support teams in: building and strengthening organisational culture, developing a culture of cooperation, and creating synergy and alignment across teams.<\/p>\n<\/div><\/div>\n\n<div class=\"wp-block-media-text is-stacked-on-mobile is-image-fill-element\" style=\"grid-template-columns:30% auto\"><figure class=\"wp-block-media-text__media\"><img loading=\"lazy\" decoding=\"async\" width=\"1024\" height=\"754\" src=\"https:\/\/meanskill.com\/wp-content\/uploads\/2025\/05\/tmb-treningi-3-1024x754.webp\" alt=\"Sales skills\" class=\"wp-image-249 size-full\" style=\"object-position:50% 50%\" srcset=\"https:\/\/meanskill.com\/wp-content\/uploads\/2025\/05\/tmb-treningi-3-1024x754.webp 1024w, https:\/\/meanskill.com\/wp-content\/uploads\/2025\/05\/tmb-treningi-3-300x221.webp 300w, https:\/\/meanskill.com\/wp-content\/uploads\/2025\/05\/tmb-treningi-3-768x566.webp 768w, https:\/\/meanskill.com\/wp-content\/uploads\/2025\/05\/tmb-treningi-3.webp 1086w\" sizes=\"auto, (max-width: 1024px) 100vw, 1024px\" \/><\/figure><div class=\"wp-block-media-text__content\">\n<h2 class=\"wp-block-heading\"><br\/>Sales Excellence<\/h2>\n\n\n\n<blockquote class=\"wp-block-quote is-layout-flow wp-block-quote-is-layout-flow\">\n<p>\u201eSales excellence is the art of building trust faster than the competition.\u201d<\/p>\n<cite>Brian Tracy<\/cite><\/blockquote>\n\n\n\n<p>Sales is about offering clients a unique, fully tailored value proposition that helps fulfil their organisation\u2019s ambitions. This approach positions the salesperson as a trusted advisor.<\/p>\n\n\n\n<p>Our programmes include shifting from product selling to solution selling, improving key performance indicators, managing key accounts and leading sales teams.<\/p>\n<\/div><\/div>\n","protected":false},"excerpt":{"rendered":"<p>Our core purpose is to support lasting, positive behavioural change \u2014 working both with groups and individuals.<\/p>\n","protected":false},"author":1,"featured_media":0,"parent":0,"menu_order":0,"comment_status":"closed","ping_status":"closed","template":"","meta":{"_acf_changed":false,"footnotes":""},"class_list":["post-361","page","type-page","status-publish","hentry"],"acf":[],"yoast_head":"<!-- This site is optimized with the Yoast SEO plugin v25.1 - https:\/\/yoast.com\/wordpress\/plugins\/seo\/ -->\n<title>Trainings - Meanskill<\/title>\n<meta name=\"robots\" content=\"index, follow, max-snippet:-1, max-image-preview:large, max-video-preview:-1\" \/>\n<link rel=\"canonical\" href=\"https:\/\/meanskill.com\/en\/trainings\/\" \/>\n<meta property=\"og:locale\" content=\"en_US\" \/>\n<meta property=\"og:type\" content=\"article\" \/>\n<meta property=\"og:title\" content=\"Trainings - Meanskill\" \/>\n<meta property=\"og:description\" content=\"Our core purpose is to support lasting, positive behavioural change \u2014 working both with groups and individuals.\" \/>\n<meta property=\"og:url\" content=\"https:\/\/meanskill.com\/en\/trainings\/\" \/>\n<meta property=\"og:site_name\" content=\"Meanskill\" \/>\n<meta property=\"article:modified_time\" content=\"2025-07-31T08:08:57+00:00\" \/>\n<meta property=\"og:image\" content=\"https:\/\/meanskill.com\/wp-content\/uploads\/2025\/05\/tmb-treningi-1.webp\" \/>\n\t<meta property=\"og:image:width\" content=\"1086\" \/>\n\t<meta property=\"og:image:height\" content=\"800\" \/>\n\t<meta property=\"og:image:type\" content=\"image\/webp\" \/>\n<meta name=\"twitter:card\" content=\"summary_large_image\" \/>\n<meta name=\"twitter:label1\" content=\"Est. reading time\" \/>\n\t<meta name=\"twitter:data1\" content=\"1 minute\" \/>\n<script type=\"application\/ld+json\" class=\"yoast-schema-graph\">{\"@context\":\"https:\/\/schema.org\",\"@graph\":[{\"@type\":\"WebPage\",\"@id\":\"https:\/\/meanskill.com\/en\/trainings\/\",\"url\":\"https:\/\/meanskill.com\/en\/trainings\/\",\"name\":\"Trainings - Meanskill\",\"isPartOf\":{\"@id\":\"https:\/\/meanskill.com\/en\/#website\"},\"primaryImageOfPage\":{\"@id\":\"https:\/\/meanskill.com\/en\/trainings\/#primaryimage\"},\"image\":{\"@id\":\"https:\/\/meanskill.com\/en\/trainings\/#primaryimage\"},\"thumbnailUrl\":\"https:\/\/meanskill.com\/wp-content\/uploads\/2025\/05\/tmb-treningi-1-1024x754.webp\",\"datePublished\":\"2025-03-21T07:02:33+00:00\",\"dateModified\":\"2025-07-31T08:08:57+00:00\",\"breadcrumb\":{\"@id\":\"https:\/\/meanskill.com\/en\/trainings\/#breadcrumb\"},\"inLanguage\":\"en-US\",\"potentialAction\":[{\"@type\":\"ReadAction\",\"target\":[\"https:\/\/meanskill.com\/en\/trainings\/\"]}]},{\"@type\":\"ImageObject\",\"inLanguage\":\"en-US\",\"@id\":\"https:\/\/meanskill.com\/en\/trainings\/#primaryimage\",\"url\":\"https:\/\/meanskill.com\/wp-content\/uploads\/2025\/05\/tmb-treningi-1-1024x754.webp\",\"contentUrl\":\"https:\/\/meanskill.com\/wp-content\/uploads\/2025\/05\/tmb-treningi-1-1024x754.webp\"},{\"@type\":\"BreadcrumbList\",\"@id\":\"https:\/\/meanskill.com\/en\/trainings\/#breadcrumb\",\"itemListElement\":[{\"@type\":\"ListItem\",\"position\":1,\"name\":\"Home\",\"item\":\"https:\/\/meanskill.com\/en\/\"},{\"@type\":\"ListItem\",\"position\":2,\"name\":\"Trainings\"}]},{\"@type\":\"WebSite\",\"@id\":\"https:\/\/meanskill.com\/en\/#website\",\"url\":\"https:\/\/meanskill.com\/en\/\",\"name\":\"Meanskill\",\"description\":\"Z przekonaniem w ka\u017cdym kroku, z energi\u0105 w ka\u017cdym dzia\u0142aniu\",\"publisher\":{\"@id\":\"https:\/\/meanskill.com\/en\/#organization\"},\"potentialAction\":[{\"@type\":\"SearchAction\",\"target\":{\"@type\":\"EntryPoint\",\"urlTemplate\":\"https:\/\/meanskill.com\/en\/?s={search_term_string}\"},\"query-input\":{\"@type\":\"PropertyValueSpecification\",\"valueRequired\":true,\"valueName\":\"search_term_string\"}}],\"inLanguage\":\"en-US\"},{\"@type\":\"Organization\",\"@id\":\"https:\/\/meanskill.com\/en\/#organization\",\"name\":\"Meanskill\",\"url\":\"https:\/\/meanskill.com\/en\/\",\"logo\":{\"@type\":\"ImageObject\",\"inLanguage\":\"en-US\",\"@id\":\"https:\/\/meanskill.com\/en\/#\/schema\/logo\/image\/\",\"url\":\"https:\/\/meanskill.com\/wp-content\/uploads\/2025\/04\/logo-meanskill-blue.webp\",\"contentUrl\":\"https:\/\/meanskill.com\/wp-content\/uploads\/2025\/04\/logo-meanskill-blue.webp\",\"width\":250,\"height\":43,\"caption\":\"Meanskill\"},\"image\":{\"@id\":\"https:\/\/meanskill.com\/en\/#\/schema\/logo\/image\/\"}}]}<\/script>\n<!-- \/ Yoast SEO plugin. -->","yoast_head_json":{"title":"Trainings - Meanskill","robots":{"index":"index","follow":"follow","max-snippet":"max-snippet:-1","max-image-preview":"max-image-preview:large","max-video-preview":"max-video-preview:-1"},"canonical":"https:\/\/meanskill.com\/en\/trainings\/","og_locale":"en_US","og_type":"article","og_title":"Trainings - Meanskill","og_description":"Our core purpose is to support lasting, positive behavioural change \u2014 working both with groups and individuals.","og_url":"https:\/\/meanskill.com\/en\/trainings\/","og_site_name":"Meanskill","article_modified_time":"2025-07-31T08:08:57+00:00","og_image":[{"width":1086,"height":800,"url":"https:\/\/meanskill.com\/wp-content\/uploads\/2025\/05\/tmb-treningi-1.webp","type":"image\/webp"}],"twitter_card":"summary_large_image","twitter_misc":{"Est. reading time":"1 minute"},"schema":{"@context":"https:\/\/schema.org","@graph":[{"@type":"WebPage","@id":"https:\/\/meanskill.com\/en\/trainings\/","url":"https:\/\/meanskill.com\/en\/trainings\/","name":"Trainings - Meanskill","isPartOf":{"@id":"https:\/\/meanskill.com\/en\/#website"},"primaryImageOfPage":{"@id":"https:\/\/meanskill.com\/en\/trainings\/#primaryimage"},"image":{"@id":"https:\/\/meanskill.com\/en\/trainings\/#primaryimage"},"thumbnailUrl":"https:\/\/meanskill.com\/wp-content\/uploads\/2025\/05\/tmb-treningi-1-1024x754.webp","datePublished":"2025-03-21T07:02:33+00:00","dateModified":"2025-07-31T08:08:57+00:00","breadcrumb":{"@id":"https:\/\/meanskill.com\/en\/trainings\/#breadcrumb"},"inLanguage":"en-US","potentialAction":[{"@type":"ReadAction","target":["https:\/\/meanskill.com\/en\/trainings\/"]}]},{"@type":"ImageObject","inLanguage":"en-US","@id":"https:\/\/meanskill.com\/en\/trainings\/#primaryimage","url":"https:\/\/meanskill.com\/wp-content\/uploads\/2025\/05\/tmb-treningi-1-1024x754.webp","contentUrl":"https:\/\/meanskill.com\/wp-content\/uploads\/2025\/05\/tmb-treningi-1-1024x754.webp"},{"@type":"BreadcrumbList","@id":"https:\/\/meanskill.com\/en\/trainings\/#breadcrumb","itemListElement":[{"@type":"ListItem","position":1,"name":"Home","item":"https:\/\/meanskill.com\/en\/"},{"@type":"ListItem","position":2,"name":"Trainings"}]},{"@type":"WebSite","@id":"https:\/\/meanskill.com\/en\/#website","url":"https:\/\/meanskill.com\/en\/","name":"Meanskill","description":"Z przekonaniem w ka\u017cdym kroku, z energi\u0105 w ka\u017cdym dzia\u0142aniu","publisher":{"@id":"https:\/\/meanskill.com\/en\/#organization"},"potentialAction":[{"@type":"SearchAction","target":{"@type":"EntryPoint","urlTemplate":"https:\/\/meanskill.com\/en\/?s={search_term_string}"},"query-input":{"@type":"PropertyValueSpecification","valueRequired":true,"valueName":"search_term_string"}}],"inLanguage":"en-US"},{"@type":"Organization","@id":"https:\/\/meanskill.com\/en\/#organization","name":"Meanskill","url":"https:\/\/meanskill.com\/en\/","logo":{"@type":"ImageObject","inLanguage":"en-US","@id":"https:\/\/meanskill.com\/en\/#\/schema\/logo\/image\/","url":"https:\/\/meanskill.com\/wp-content\/uploads\/2025\/04\/logo-meanskill-blue.webp","contentUrl":"https:\/\/meanskill.com\/wp-content\/uploads\/2025\/04\/logo-meanskill-blue.webp","width":250,"height":43,"caption":"Meanskill"},"image":{"@id":"https:\/\/meanskill.com\/en\/#\/schema\/logo\/image\/"}}]}},"_links":{"self":[{"href":"https:\/\/meanskill.com\/en\/wp-json\/wp\/v2\/pages\/361","targetHints":{"allow":["GET"]}}],"collection":[{"href":"https:\/\/meanskill.com\/en\/wp-json\/wp\/v2\/pages"}],"about":[{"href":"https:\/\/meanskill.com\/en\/wp-json\/wp\/v2\/types\/page"}],"author":[{"embeddable":true,"href":"https:\/\/meanskill.com\/en\/wp-json\/wp\/v2\/users\/1"}],"replies":[{"embeddable":true,"href":"https:\/\/meanskill.com\/en\/wp-json\/wp\/v2\/comments?post=361"}],"version-history":[{"count":1,"href":"https:\/\/meanskill.com\/en\/wp-json\/wp\/v2\/pages\/361\/revisions"}],"predecessor-version":[{"id":362,"href":"https:\/\/meanskill.com\/en\/wp-json\/wp\/v2\/pages\/361\/revisions\/362"}],"wp:attachment":[{"href":"https:\/\/meanskill.com\/en\/wp-json\/wp\/v2\/media?parent=361"}],"curies":[{"name":"wp","href":"https:\/\/api.w.org\/{rel}","templated":true}]}}